{"id":49745,"date":"2020-11-06T16:51:44","date_gmt":"2020-11-06T15:51:44","guid":{"rendered":"https:\/\/pval.com\/mentions-legales"},"modified":"2024-03-05T10:38:19","modified_gmt":"2024-03-05T09:38:19","slug":"nota-legal","status":"publish","type":"page","link":"https:\/\/pval.com\/es\/nota-legal","title":{"rendered":"Mentions L\u00e9gales"},"content":{"rendered":"\t\t<div data-elementor-type=\"wp-page\" data-elementor-id=\"49745\" class=\"elementor elementor-49745 elementor-66\" data-elementor-post-type=\"page\">\n\t\t\t\t\t\t<section class=\"elementor-section elementor-top-section elementor-element elementor-element-b5fcad0 elementor-section-boxed elementor-section-height-default elementor-section-height-default\" data-id=\"b5fcad0\" data-element_type=\"section\" data-e-type=\"section\">\n\t\t\t\t\t\t<div class=\"elementor-container elementor-column-gap-default\">\n\t\t\t\t\t<div class=\"elementor-column elementor-col-100 elementor-top-column elementor-element elementor-element-42f33ab\" data-id=\"42f33ab\" data-element_type=\"column\" data-e-type=\"column\">\n\t\t\t<div class=\"elementor-widget-wrap elementor-element-populated\">\n\t\t\t\t\t\t<div class=\"elementor-element elementor-element-465ab8b elementor-widget elementor-widget-heading\" data-id=\"465ab8b\" data-element_type=\"widget\" data-e-type=\"widget\" data-widget_type=\"heading.default\">\n\t\t\t\t<div class=\"elementor-widget-container\">\n\t\t\t\t\t<h1 class=\"elementor-heading-title elementor-size-default\">Advertencia legal<\/h1>\t\t\t\t<\/div>\n\t\t\t\t<\/div>\n\t\t\t\t<div class=\"elementor-element elementor-element-e46ede0 elementor-widget-divider--view-line elementor-widget elementor-widget-divider\" data-id=\"e46ede0\" data-element_type=\"widget\" data-e-type=\"widget\" data-widget_type=\"divider.default\">\n\t\t\t\t<div class=\"elementor-widget-container\">\n\t\t\t\t\t\t\t<div class=\"elementor-divider\">\n\t\t\t<span class=\"elementor-divider-separator\">\n\t\t\t\t\t\t<\/span>\n\t\t<\/div>\n\t\t\t\t\t\t<\/div>\n\t\t\t\t<\/div>\n\t\t\t\t\t<\/div>\n\t\t<\/div>\n\t\t\t\t\t<\/div>\n\t\t<\/section>\n\t\t<div class=\"elementor-element elementor-element-1f75f87 e-flex e-con-boxed e-con e-parent\" data-id=\"1f75f87\" data-element_type=\"container\" data-e-type=\"container\">\n\t\t\t\t\t<div class=\"e-con-inner\">\n\t\t\t\t<div data-dce-text-color=\"#FFFFFF\" class=\"elementor-element elementor-element-c546d9b elementor-widget elementor-widget-text-editor\" data-id=\"c546d9b\" data-element_type=\"widget\" data-e-type=\"widget\" data-widget_type=\"text-editor.default\">\n\t\t\t\t<div class=\"elementor-widget-container\">\n\t\t\t\t\t\t\t\t\t<p><span style=\"font-weight: 400;\">Por favor, lea atentamente estas condiciones de uso antes de navegar por esta p\u00e1gina. Al conectarse a este sitio, usted acepta, sin reservas, estas condiciones.<\/span><\/p><h2><span style=\"font-weight: 400;\">RESPONSABLES DEL SITIO WEB<\/span><\/h2><p><span style=\"font-weight: 400;\">De conformidad con el art\u00edculo 6 de la Ley n\u00ba 2004-575 de 21 de junio de 2004 sobre la confianza en la econom\u00eda digital, las personas responsables de este sitio web https:\/\/pval.com son:<\/span><\/p><p><strong>Editor del sitio web<\/strong><\/p><p><span style=\"font-weight: 400;\">P-VAL CONSEIL, cuyo n\u00famero SIREN es 393206727, y cuyo domicilio social se encuentra en 21 Av. de l&#8217;Op\u00e9ra, 75001 Par\u00eds.<\/span><\/p><p><span style=\"font-weight: 400;\">+33 (0)1 44 34 23 00<\/span><\/p><p><span style=\"font-weight: 400;\">contact@pval.com<\/span><\/p><p><span style=\"font-weight: 400;\">https:\/\/pval.com<\/span><\/p><p><span style=\"font-weight: 400;\">Director editorial: Armand JIPTNER<\/span><\/p><p><strong>Alojamiento<\/strong><\/p><p><span style=\"font-weight: 400;\">La Quincaillerie, cuyo n\u00famero SIREN es 842 805 160, y cuyo domicilio social se encuentra en 3 rue du Docteur Huart, 59800 Lille.<\/span><\/p><p><span style=\"font-weight: 400;\">09 72 62 83 05<\/span><\/p><p><span style=\"font-weight: 400;\">bonjour@la-quincaillerie.fr<\/span><\/p><p><span style=\"font-weight: 400;\">https:\/\/la-quincaillerie.fr\/<\/span><\/p><p><strong>Dise\u00f1o del sitio web<\/strong><\/p><p><span style=\"font-weight: 400;\">La Quincaillerie, con n\u00famero SIREN 842 805 160 y domicilio social en 3 rue du Docteur Huart, 59800 Lille.<\/span><\/p><p><span style=\"font-weight: 400;\">09 72 62 83 05<\/span><\/p><p><span style=\"font-weight: 400;\">bonjour@la-quincaillerie.fr<\/span><\/p><p><span style=\"font-weight: 400;\">https:\/\/la-quincaillerie.fr\/<\/span><\/p><h2><span style=\"font-weight: 400;\">CONDICIONES DE USO<\/span><\/h2><p><span style=\"font-weight: 400;\">Comodidad de uso<\/span><\/p><p><span style=\"font-weight: 400;\">Este sitio est\u00e1 disponible en varios lenguajes web (HTML, HTML5, Javascript, CSS, etc.) para una mayor facilidad de uso y unos gr\u00e1ficos m\u00e1s atractivos.<\/span><\/p><p><span style=\"font-weight: 400;\">Le recomendamos que utilice navegadores modernos como Safari, Firefox, Google Chrome, etc.<\/span><\/p><p><span style=\"font-weight: 400;\">Fiabilidad de la informaci\u00f3n y responsabilidad<\/span><\/p><p><span style=\"font-weight: 400;\">El Editor hace todo lo que est\u00e1 en su mano para proporcionar informaci\u00f3n fiable y actualizar sus sitios web de forma fidedigna.<\/span><\/p><p><span style=\"font-weight: 400;\">No obstante, pueden cometerse errores u omisiones. Por lo tanto, los internautas deben comprobar con el Editor que la informaci\u00f3n es correcta y notificar cualquier cambio que consideren \u00fatil. El Editor, el Proveedor y el Dise\u00f1ador del sitio no son en modo alguno responsables del uso que se haga de esta informaci\u00f3n, ni de los perjuicios directos o indirectos que puedan derivarse.<\/span><\/p><p><span style=\"font-weight: 400;\">Cualquier contenido descargado se hace por cuenta y riesgo del usuario y bajo su exclusiva responsabilidad. En consecuencia, no se aceptar\u00e1 responsabilidad alguna por los da\u00f1os que pueda sufrir el ordenador del usuario o por la p\u00e9rdida de datos resultante de la descarga.<\/span><\/p><p><span style=\"font-weight: 400;\">Enlaces de hipertexto<\/span><\/p><p><span style=\"font-weight: 400;\">Los sitios web pueden proporcionar enlaces a otros sitios web u otros recursos disponibles en Internet. El Editor no dispone de medios para controlar los sitios vinculados a sus sitios web.<\/span><\/p><p><span style=\"font-weight: 400;\">El Editor no es responsable de la disponibilidad de dichos sitios y fuentes externos, ni los garantiza. No se hace responsable de ning\u00fan da\u00f1o derivado del contenido de estos sitios o fuentes externas y, en particular, de la informaci\u00f3n, productos o servicios que ofrecen, ni del uso que pueda hacerse de estos elementos. Los riesgos asociados a dicha utilizaci\u00f3n son de la entera responsabilidad del internauta, que debe respetar sus condiciones de uso.<\/span><\/p><p><span style=\"font-weight: 400;\">Los usuarios, suscriptores y visitantes de los sitios web no podr\u00e1n establecer un hiperenlace a este sitio sin la autorizaci\u00f3n previa y expresa del Editor.<\/span><\/p><p><span style=\"font-weight: 400;\">En caso de que un usuario o visitante desee establecer un hiperenlace a uno de los sitios web de la Editorial, deber\u00e1 enviar un correo electr\u00f3nico al sitio solicitando el hiperenlace.<\/span><\/p><p><span style=\"font-weight: 400;\">El Editor se reserva el derecho de aceptar o rechazar un hiperenlace sin tener que justificar su decisi\u00f3n.<\/span><\/p><p><span style=\"font-weight: 400;\">Servicios prestados<\/span><\/p><p><span style=\"font-weight: 400;\">Todas las actividades e informaciones de la empresa se presentan en nuestro sitio web.<\/span><\/p><p><span style=\"font-weight: 400;\">El Editor se esfuerza por ofrecer en el sitio una informaci\u00f3n lo m\u00e1s exacta posible. La informaci\u00f3n del sitio no es exhaustiva y las fotos no son contractuales.<\/span><\/p><p><span style=\"font-weight: 400;\">Les damos pendientes de cambios que puedan haberse producido desde su puesta en l\u00ednea. Adem\u00e1s, toda la informaci\u00f3n contenida en el sitio se da a t\u00edtulo indicativo y est\u00e1 sujeta a cambios o modificaciones sin previo aviso.<\/span><\/p><p><span style=\"font-weight: 400;\">Derechos de propiedad intelectual<\/span><\/p><p><span style=\"font-weight: 400;\">Todos los contenidos de este sitio, incluidos, entre otros, gr\u00e1ficos, im\u00e1genes, textos, v\u00eddeos, animaciones, sonidos, logotipos, gifs e iconos, as\u00ed como su disposici\u00f3n, son propiedad exclusiva de la empresa, a excepci\u00f3n de las marcas, logotipos o contenidos pertenecientes a otras empresas asociadas o autores.<\/span><\/p><p><span style=\"font-weight: 400;\">Cualquier reproducci\u00f3n, distribuci\u00f3n, modificaci\u00f3n, adaptaci\u00f3n, retransmisi\u00f3n o publicaci\u00f3n, incluso parcial, de estos distintos elementos est\u00e1 estrictamente prohibida sin el consentimiento expreso y por escrito de la Editorial. Dicha representaci\u00f3n o reproducci\u00f3n, por cualquier medio que sea, constituye una infracci\u00f3n sancionada por los art\u00edculos L.335-2 y siguientes del C\u00f3digo franc\u00e9s de la Propiedad Intelectual. El incumplimiento de esta prohibici\u00f3n constituye una infracci\u00f3n que puede dar lugar a la responsabilidad civil y penal del infractor. Adem\u00e1s, los propietarios de los Contenidos copiados podr\u00e1n emprender acciones legales contra usted.<\/span><\/p><p><span style=\"font-weight: 400;\">Datos personales<\/span><\/p><p><span style=\"font-weight: 400;\">Por regla general, usted no est\u00e1 obligado a facilitarnos sus datos personales cuando visita nuestro sitio web.<\/span><\/p><p><span style=\"font-weight: 400;\">Sin embargo, existen ciertas excepciones a este principio. Para determinados servicios ofrecidos por nuestro sitio, es posible que se le pida que nos facilite ciertos datos como: su nombre, su cargo, el nombre de su empresa, su direcci\u00f3n de correo electr\u00f3nico y su n\u00famero de tel\u00e9fono. Este es el caso cuando rellena el formulario que figura en determinadas p\u00e1ginas del sitio.<\/span><\/p><p><span style=\"font-weight: 400;\">En todos los casos, puede negarse a facilitar sus datos personales no cumplimentando el formulario. En este caso, no podr\u00e1 utilizar los servicios del sitio, en particular para solicitar informaci\u00f3n sobre nuestra empresa o recibir boletines informativos, por ejemplo.<\/span><\/p><p><span style=\"font-weight: 400;\">Por \u00faltimo, podemos recolectar autom\u00e1ticamente cierta informaci\u00f3n sobre usted cuando simplemente navega por nuestro sitio web, en particular: informaci\u00f3n sobre el uso de nuestro sitio, como las \u00e1reas que visita y los servicios a los que accede, su direcci\u00f3n IP, el tipo de navegador que utiliza y sus horas de acceso.<\/span><\/p><p><span style=\"font-weight: 400;\">Esta informaci\u00f3n se utiliza exclusivamente con fines estad\u00edsticos internos, para mejorar la calidad de los servicios que le ofrecemos. Las bases de datos est\u00e1n protegidas por las disposiciones de la ley de 1 de julio de 1998 que transpone la directiva 96\/9 de 11 de marzo de 1996 sobre la protecci\u00f3n jur\u00eddica de las bases de datos.<\/span><\/p><p><span style=\"font-weight: 400;\">Le invitamos a descubrir nuestra pol\u00edtica de confidencialidad disponible aqu\u00ed.<\/span><\/p><p><span style=\"font-weight: 400;\">Litigios<\/span><\/p><p><span style=\"font-weight: 400;\">Las presentes condiciones generales del sitio web se rigen por la legislaci\u00f3n francesa y cualquier litigio o controversia que pudiera derivarse de su interpretaci\u00f3n o ejecuci\u00f3n se someter\u00e1 a la competencia exclusiva de los tribunales competentes del domicilio social de la empresa. La lengua de referencia para la resoluci\u00f3n de cualquier litigio ser\u00e1 el franc\u00e9s.<\/span><\/p>\t\t\t\t\t\t\t\t<\/div>\n\t\t\t\t<\/div>\n\t\t\t\t\t<\/div>\n\t\t\t\t<\/div>\n\t\t\t\t<\/div>\n\t\t","protected":false},"excerpt":{"rendered":"<p>Advertencia legal Por favor, lea atentamente estas condiciones de uso antes de navegar por esta p\u00e1gina. Al conectarse a este sitio, usted acepta, sin reservas, estas condiciones. RESPONSABLES DEL SITIO WEB De conformidad con el art\u00edculo 6 de la Ley n\u00ba 2004-575 de 21 de junio de 2004 sobre la confianza en la econom\u00eda digital, [&hellip;]<\/p>\n","protected":false},"author":1,"featured_media":0,"parent":0,"menu_order":0,"comment_status":"closed","ping_status":"closed","template":"","meta":{"_acf_changed":false,"_seopress_robots_primary_cat":"","_seopress_titles_title":"","_seopress_titles_desc":"","_seopress_robots_index":"","footnotes":""},"class_list":["post-49745","page","type-page","status-publish","hentry"],"acf":[],"jetpack_sharing_enabled":true,"_links":{"self":[{"href":"https:\/\/pval.com\/es\/wp-json\/wp\/v2\/pages\/49745","targetHints":{"allow":["GET"]}}],"collection":[{"href":"https:\/\/pval.com\/es\/wp-json\/wp\/v2\/pages"}],"about":[{"href":"https:\/\/pval.com\/es\/wp-json\/wp\/v2\/types\/page"}],"author":[{"embeddable":true,"href":"https:\/\/pval.com\/es\/wp-json\/wp\/v2\/users\/1"}],"replies":[{"embeddable":true,"href":"https:\/\/pval.com\/es\/wp-json\/wp\/v2\/comments?post=49745"}],"version-history":[{"count":4,"href":"https:\/\/pval.com\/es\/wp-json\/wp\/v2\/pages\/49745\/revisions"}],"predecessor-version":[{"id":49854,"href":"https:\/\/pval.com\/es\/wp-json\/wp\/v2\/pages\/49745\/revisions\/49854"}],"wp:attachment":[{"href":"https:\/\/pval.com\/es\/wp-json\/wp\/v2\/media?parent=49745"}],"curies":[{"name":"wp","href":"https:\/\/api.w.org\/{rel}","templated":true}]}}